{"id":2883,"date":"2021-12-20T13:23:52","date_gmt":"2021-12-20T13:23:52","guid":{"rendered":"https:\/\/ekwtrading.templ8.nl\/contacter\/"},"modified":"2021-12-21T12:31:27","modified_gmt":"2021-12-21T12:31:27","slug":"contacter","status":"publish","type":"page","link":"https:\/\/ekwtrading.nl\/fr\/contacter\/","title":{"rendered":"Contacter"},"content":{"rendered":"\t\t<div data-elementor-type=\"wp-page\" data-elementor-id=\"2883\" class=\"elementor elementor-2883 elementor-1390\" data-elementor-post-type=\"page\">\n\t\t\t\t\t\t<section class=\"elementor-section elementor-top-section elementor-element elementor-element-34de1c3e elementor-section-boxed elementor-section-height-default elementor-section-height-default\" data-id=\"34de1c3e\" data-element_type=\"section\" data-e-type=\"section\">\n\t\t\t\t\t\t<div class=\"elementor-container elementor-column-gap-default\">\n\t\t\t\t\t<div class=\"elementor-column elementor-col-50 elementor-top-column elementor-element elementor-element-2406ae00\" data-id=\"2406ae00\" data-element_type=\"column\" data-e-type=\"column\">\n\t\t\t<div class=\"elementor-widget-wrap elementor-element-populated\">\n\t\t\t\t\t\t<div class=\"elementor-element elementor-element-93ca17d elementor-widget elementor-widget-heading\" data-id=\"93ca17d\" data-element_type=\"widget\" data-e-type=\"widget\" data-widget_type=\"heading.default\">\n\t\t\t\t<div class=\"elementor-widget-container\">\n\t\t\t\t\t<h2 class=\"elementor-heading-title elementor-size-default\">Contactez-nous<\/h2>\t\t\t\t<\/div>\n\t\t\t\t<\/div>\n\t\t\t\t<div class=\"elementor-element elementor-element-6f1db3b elementor-widget elementor-widget-text-editor\" data-id=\"6f1db3b\" data-element_type=\"widget\" data-e-type=\"widget\" data-widget_type=\"text-editor.default\">\n\t\t\t\t<div class=\"elementor-widget-container\">\n\t\t\t\t\t\t\t\t\t<p>Nous sommes joignables par t\u00e9l\u00e9phone en dehors des heures d&rsquo;ouverture. Si vous souhaitez nous rendre visite en dehors des heures d&rsquo;ouverture, cela est \u00e9galement possible. Nous sommes heureux de prendre rendez-vous pour cela.<\/p>\n\t\t\t\t\t\t\t\t<\/div>\n\t\t\t\t<\/div>\n\t\t\t\t<div class=\"elementor-element elementor-element-59709fa elementor-icon-list--layout-traditional elementor-list-item-link-full_width elementor-widget elementor-widget-icon-list\" data-id=\"59709fa\" data-element_type=\"widget\" data-e-type=\"widget\" data-widget_type=\"icon-list.default\">\n\t\t\t\t<div class=\"elementor-widget-container\">\n\t\t\t\t\t\t\t<ul class=\"elementor-icon-list-items\">\n\t\t\t\t\t\t\t<li class=\"elementor-icon-list-item\">\n\t\t\t\t\t\t\t\t\t\t\t<span class=\"elementor-icon-list-icon\">\n\t\t\t\t\t\t\t<i aria-hidden=\"true\" class=\"fas fa-map-marker-alt\"><\/i>\t\t\t\t\t\t<\/span>\n\t\t\t\t\t\t\t\t\t\t<span class=\"elementor-icon-list-text\">Avenue Leeuwenhoek 4, <br>9207 JE Drachten<\/span>\n\t\t\t\t\t\t\t\t\t<\/li>\n\t\t\t\t\t\t\t\t<li class=\"elementor-icon-list-item\">\n\t\t\t\t\t\t\t\t\t\t\t<a href=\"\">\n\n\t\t\t\t\t\t\t\t\t\t\t\t<span class=\"elementor-icon-list-icon\">\n\t\t\t\t\t\t\t<i aria-hidden=\"true\" class=\"fas fa-phone-alt\"><\/i>\t\t\t\t\t\t<\/span>\n\t\t\t\t\t\t\t\t\t\t<span class=\"elementor-icon-list-text\">+31 512 356752<\/span>\n\t\t\t\t\t\t\t\t\t\t\t<\/a>\n\t\t\t\t\t\t\t\t\t<\/li>\n\t\t\t\t\t\t\t\t<li class=\"elementor-icon-list-item\">\n\t\t\t\t\t\t\t\t\t\t\t<a href=\"\">\n\n\t\t\t\t\t\t\t\t\t\t\t\t<span class=\"elementor-icon-list-icon\">\n\t\t\t\t\t\t\t<i aria-hidden=\"true\" class=\"fas fa-phone-alt\"><\/i>\t\t\t\t\t\t<\/span>\n\t\t\t\t\t\t\t\t\t\t<span class=\"elementor-icon-list-text\">+31 6 55 20 40 65<\/span>\n\t\t\t\t\t\t\t\t\t\t\t<\/a>\n\t\t\t\t\t\t\t\t\t<\/li>\n\t\t\t\t\t\t\t\t<li class=\"elementor-icon-list-item\">\n\t\t\t\t\t\t\t\t\t\t\t<a href=\"mailto:info@ekwtrading.nl\">\n\n\t\t\t\t\t\t\t\t\t\t\t\t<span class=\"elementor-icon-list-icon\">\n\t\t\t\t\t\t\t<i aria-hidden=\"true\" class=\"fas fa-envelope\"><\/i>\t\t\t\t\t\t<\/span>\n\t\t\t\t\t\t\t\t\t\t<span class=\"elementor-icon-list-text\">info@ekwtrading.nl<\/span>\n\t\t\t\t\t\t\t\t\t\t\t<\/a>\n\t\t\t\t\t\t\t\t\t<\/li>\n\t\t\t\t\t\t<\/ul>\n\t\t\t\t\t\t<\/div>\n\t\t\t\t<\/div>\n\t\t\t\t<div class=\"elementor-element elementor-element-6d5b38b elementor-widget elementor-widget-google_maps\" data-id=\"6d5b38b\" data-element_type=\"widget\" data-e-type=\"widget\" data-widget_type=\"google_maps.default\">\n\t\t\t\t<div class=\"elementor-widget-container\">\n\t\t\t\t\t\t\t<div class=\"elementor-custom-embed\">\n\t\t\t<iframe loading=\"lazy\"\n\t\t\t\t\tsrc=\"https:\/\/maps.google.com\/maps?q=EKW%20Trading&#038;t=m&#038;z=15&#038;output=embed&#038;iwloc=near\"\n\t\t\t\t\ttitle=\"EKW Trading\"\n\t\t\t\t\taria-label=\"EKW Trading\"\n\t\t\t><\/iframe>\n\t\t<\/div>\n\t\t\t\t\t\t<\/div>\n\t\t\t\t<\/div>\n\t\t\t\t\t<\/div>\n\t\t<\/div>\n\t\t\t\t<div class=\"elementor-column elementor-col-50 elementor-top-column elementor-element elementor-element-8fced24\" data-id=\"8fced24\" data-element_type=\"column\" data-e-type=\"column\">\n\t\t\t<div class=\"elementor-widget-wrap elementor-element-populated\">\n\t\t\t\t\t\t<section class=\"elementor-section elementor-inner-section elementor-element elementor-element-b1c00ad elementor-section-boxed elementor-section-height-default elementor-section-height-default\" data-id=\"b1c00ad\" data-element_type=\"section\" data-e-type=\"section\">\n\t\t\t\t\t\t<div class=\"elementor-container elementor-column-gap-default\">\n\t\t\t\t\t<div class=\"elementor-column elementor-col-100 elementor-inner-column elementor-element elementor-element-9bdf314\" data-id=\"9bdf314\" data-element_type=\"column\" data-e-type=\"column\" data-settings=\"{&quot;background_background&quot;:&quot;classic&quot;}\">\n\t\t\t<div class=\"elementor-widget-wrap elementor-element-populated\">\n\t\t\t\t\t\t<div class=\"elementor-element elementor-element-51b5a38 elementor-widget elementor-widget-heading\" data-id=\"51b5a38\" data-element_type=\"widget\" data-e-type=\"widget\" data-widget_type=\"heading.default\">\n\t\t\t\t<div class=\"elementor-widget-container\">\n\t\t\t\t\t<h2 class=\"elementor-heading-title elementor-size-default\">Contacter<\/h2>\t\t\t\t<\/div>\n\t\t\t\t<\/div>\n\t\t\t\t<div class=\"elementor-element elementor-element-23f91f9 elementor-widget elementor-widget-text-editor\" data-id=\"23f91f9\" data-element_type=\"widget\" data-e-type=\"widget\" data-widget_type=\"text-editor.default\">\n\t\t\t\t<div class=\"elementor-widget-container\">\n\t\t\t\t\t\t\t\t\t<div class=\"wpforms-container \" id=\"wpforms-3211\"><form id=\"wpforms-form-3211\" class=\"wpforms-validate wpforms-form\" data-formid=\"3211\" method=\"post\" enctype=\"multipart\/form-data\" action=\"\/fr\/wp-json\/wp\/v2\/pages\/2883\" data-token=\"3680b7b58f71af06752e72c4b92bc173\" data-token-time=\"1776940654\"><noscript class=\"wpforms-error-noscript\">Veuillez activer JavaScript dans votre navigateur pour remplir ce formulaire.<\/noscript><div class=\"wpforms-field-container\"><div id=\"wpforms-3211-field_0-container\" class=\"wpforms-field wpforms-field-name\" data-field-id=\"0\"><label class=\"wpforms-field-label\" for=\"wpforms-3211-field_0\">Nom <span class=\"wpforms-required-label\">*<\/span><\/label><input type=\"text\" id=\"wpforms-3211-field_0\" class=\"wpforms-field-large wpforms-field-required\" name=\"wpforms[fields][0]\" required><\/div><div id=\"wpforms-3211-field_1-container\" class=\"wpforms-field wpforms-field-email\" data-field-id=\"1\"><label class=\"wpforms-field-label\" for=\"wpforms-3211-field_1\">Adresse e-mail <span class=\"wpforms-required-label\">*<\/span><\/label><input type=\"email\" id=\"wpforms-3211-field_1\" class=\"wpforms-field-large wpforms-field-required\" name=\"wpforms[fields][1]\" spellcheck=\"false\" required><\/div><div id=\"wpforms-3211-field_3-container\" class=\"wpforms-field wpforms-field-phone\" data-field-id=\"3\"><label class=\"wpforms-field-label\" for=\"wpforms-3211-field_3\">Num\u00e9ro de t\u00e9l\u00e9phone <span class=\"wpforms-required-label\">*<\/span><\/label><input type=\"tel\" id=\"wpforms-3211-field_3\" class=\"wpforms-field-large wpforms-field-required\" data-rule-int-phone-field=\"true\" name=\"wpforms[fields][3]\" aria-label=\"Num\u00e9ro de t\u00e9l\u00e9phone\" required><\/div><div id=\"wpforms-3211-field_2-container\" class=\"wpforms-field wpforms-field-textarea\" data-field-id=\"2\"><label class=\"wpforms-field-label\" for=\"wpforms-3211-field_2\">Commentaire ou message <span class=\"wpforms-required-label\">*<\/span><\/label><textarea id=\"wpforms-3211-field_2\" class=\"wpforms-field-large wpforms-field-required\" name=\"wpforms[fields][2]\" required><\/textarea><\/div><div id=\"wpforms-3211-field_4-container\" class=\"wpforms-field wpforms-field-checkbox\" data-field-id=\"4\"><label class=\"wpforms-field-label wpforms-label-hide\" for=\"wpforms-3211-field_4\">GDPR <span class=\"wpforms-required-label\">*<\/span><\/label><ul id=\"wpforms-3211-field_4\" class=\"wpforms-field-required\"><li class=\"choice-1 depth-1\"><input type=\"checkbox\" id=\"wpforms-3211-field_4_1\" name=\"wpforms[fields][4][]\" value=\"J&#039;accepte que ce site stocke mes informations soumises afin de r\u00e9pondre \u00e0 ma demande.\" required ><label class=\"wpforms-field-label-inline\" for=\"wpforms-3211-field_4_1\">J&rsquo;accepte que ce site stocke mes informations soumises afin de r\u00e9pondre \u00e0 ma demande.<\/label><\/li><\/ul><\/div><\/div><!-- .wpforms-field-container --><div class=\"wpforms-recaptcha-container wpforms-is-recaptcha wpforms-is-recaptcha-type-v2\" ><div class=\"g-recaptcha\" data-sitekey=\"6LftSLsdAAAAAOWbAKYaucGMvxqfi3pYNVUVCvL-\"><\/div><input type=\"text\" name=\"g-recaptcha-hidden\" class=\"wpforms-recaptcha-hidden\" style=\"position:absolute!important;clip:rect(0,0,0,0)!important;height:1px!important;width:1px!important;border:0!important;overflow:hidden!important;padding:0!important;margin:0!important;\" data-rule-recaptcha=\"1\"><\/div><div class=\"wpforms-submit-container\" ><input type=\"hidden\" name=\"wpforms[id]\" value=\"3211\"><input type=\"hidden\" name=\"page_title\" value=\"\"><input type=\"hidden\" name=\"page_url\" value=\"https:\/\/ekwtrading.nl\/fr\/wp-json\/wp\/v2\/pages\/2883\"><button type=\"submit\" name=\"wpforms[submit]\" id=\"wpforms-submit-3211\" class=\"wpforms-submit\" data-alt-text=\"Envoyer...\" data-submit-text=\"Envoyer\" aria-live=\"assertive\" value=\"wpforms-submit\">Envoyer<\/button><\/div><\/form><\/div>  <!-- .wpforms-container -->\t\t\t\t\t\t\t\t<\/div>\n\t\t\t\t<\/div>\n\t\t\t\t\t<\/div>\n\t\t<\/div>\n\t\t\t\t\t<\/div>\n\t\t<\/section>\n\t\t\t\t\t<\/div>\n\t\t<\/div>\n\t\t\t\t\t<\/div>\n\t\t<\/section>\n\t\t\t\t<\/div>\n\t\t","protected":false},"excerpt":{"rendered":"<p>Contactez-nous Nous sommes joignables par t\u00e9l\u00e9phone en dehors des heures d&rsquo;ouverture. Si vous souhaitez nous rendre visite en dehors des heures d&rsquo;ouverture, cela est \u00e9galement possible. Nous sommes heureux de prendre rendez-vous pour cela. Avenue Leeuwenhoek 4, 9207 JE Drachten +31 512 356752 +31 6 55 20 40 65 info@ekwtrading.nl Contacter<\/p>\n","protected":false},"author":1,"featured_media":2137,"parent":0,"menu_order":0,"comment_status":"closed","ping_status":"closed","template":"","meta":{"footnotes":""},"class_list":["post-2883","page","type-page","status-publish","has-post-thumbnail","hentry"],"yoast_head":"<!-- This site is optimized with the Yoast SEO plugin v27.4 - https:\/\/yoast.com\/product\/yoast-seo-wordpress\/ -->\n<title>Contacter - EKW Trading<\/title>\n<meta name=\"robots\" content=\"index, follow, max-snippet:-1, max-image-preview:large, max-video-preview:-1\" \/>\n<link rel=\"canonical\" href=\"https:\/\/ekwtrading.nl\/fr\/contacter\/\" \/>\n<meta property=\"og:locale\" content=\"fr_FR\" \/>\n<meta property=\"og:type\" content=\"article\" \/>\n<meta property=\"og:title\" content=\"Contacter - EKW Trading\" \/>\n<meta property=\"og:description\" content=\"Contactez-nous Nous sommes joignables par t\u00e9l\u00e9phone en dehors des heures d&rsquo;ouverture. Si vous souhaitez nous rendre visite en dehors des heures d&rsquo;ouverture, cela est \u00e9galement possible. Nous sommes heureux de prendre rendez-vous pour cela. Avenue Leeuwenhoek 4, 9207 JE Drachten +31 512 356752 +31 6 55 20 40 65 info@ekwtrading.nl Contacter\" \/>\n<meta property=\"og:url\" content=\"https:\/\/ekwtrading.nl\/fr\/contacter\/\" \/>\n<meta property=\"og:site_name\" content=\"EKW Trading\" \/>\n<meta property=\"article:modified_time\" content=\"2021-12-21T12:31:27+00:00\" \/>\n<meta property=\"og:image\" content=\"https:\/\/ekwtrading.nl\/wp-content\/uploads\/2021\/12\/Fotografie_Suus-00337-scaled.jpg\" \/>\n\t<meta property=\"og:image:width\" content=\"2560\" \/>\n\t<meta property=\"og:image:height\" content=\"1707\" \/>\n\t<meta property=\"og:image:type\" content=\"image\/jpeg\" \/>\n<meta name=\"twitter:card\" content=\"summary_large_image\" \/>\n<meta name=\"twitter:label1\" content=\"Dur\u00e9e de lecture estim\u00e9e\" \/>\n\t<meta name=\"twitter:data1\" content=\"1 minute\" \/>\n<script type=\"application\/ld+json\" class=\"yoast-schema-graph\">{\"@context\":\"https:\\\/\\\/schema.org\",\"@graph\":[{\"@type\":\"WebPage\",\"@id\":\"https:\\\/\\\/ekwtrading.nl\\\/fr\\\/contacter\\\/\",\"url\":\"https:\\\/\\\/ekwtrading.nl\\\/fr\\\/contacter\\\/\",\"name\":\"Contacter - EKW Trading\",\"isPartOf\":{\"@id\":\"https:\\\/\\\/ekwtrading.nl\\\/fr\\\/#website\"},\"primaryImageOfPage\":{\"@id\":\"https:\\\/\\\/ekwtrading.nl\\\/fr\\\/contacter\\\/#primaryimage\"},\"image\":{\"@id\":\"https:\\\/\\\/ekwtrading.nl\\\/fr\\\/contacter\\\/#primaryimage\"},\"thumbnailUrl\":\"https:\\\/\\\/ekwtrading.nl\\\/wp-content\\\/uploads\\\/2021\\\/12\\\/Fotografie_Suus-00337-scaled.jpg\",\"datePublished\":\"2021-12-20T13:23:52+00:00\",\"dateModified\":\"2021-12-21T12:31:27+00:00\",\"breadcrumb\":{\"@id\":\"https:\\\/\\\/ekwtrading.nl\\\/fr\\\/contacter\\\/#breadcrumb\"},\"inLanguage\":\"fr-FR\",\"potentialAction\":[{\"@type\":\"ReadAction\",\"target\":[\"https:\\\/\\\/ekwtrading.nl\\\/fr\\\/contacter\\\/\"]}]},{\"@type\":\"ImageObject\",\"inLanguage\":\"fr-FR\",\"@id\":\"https:\\\/\\\/ekwtrading.nl\\\/fr\\\/contacter\\\/#primaryimage\",\"url\":\"https:\\\/\\\/ekwtrading.nl\\\/wp-content\\\/uploads\\\/2021\\\/12\\\/Fotografie_Suus-00337-scaled.jpg\",\"contentUrl\":\"https:\\\/\\\/ekwtrading.nl\\\/wp-content\\\/uploads\\\/2021\\\/12\\\/Fotografie_Suus-00337-scaled.jpg\",\"width\":2560,\"height\":1707},{\"@type\":\"BreadcrumbList\",\"@id\":\"https:\\\/\\\/ekwtrading.nl\\\/fr\\\/contacter\\\/#breadcrumb\",\"itemListElement\":[{\"@type\":\"ListItem\",\"position\":1,\"name\":\"Home\",\"item\":\"https:\\\/\\\/ekwtrading.nl\\\/fr\\\/\"},{\"@type\":\"ListItem\",\"position\":2,\"name\":\"Contacter\"}]},{\"@type\":\"WebSite\",\"@id\":\"https:\\\/\\\/ekwtrading.nl\\\/fr\\\/#website\",\"url\":\"https:\\\/\\\/ekwtrading.nl\\\/fr\\\/\",\"name\":\"EKW Trading\",\"description\":\"Gebruikte vrachtwagens en opleggers \",\"potentialAction\":[{\"@type\":\"SearchAction\",\"target\":{\"@type\":\"EntryPoint\",\"urlTemplate\":\"https:\\\/\\\/ekwtrading.nl\\\/fr\\\/?s={search_term_string}\"},\"query-input\":{\"@type\":\"PropertyValueSpecification\",\"valueRequired\":true,\"valueName\":\"search_term_string\"}}],\"inLanguage\":\"fr-FR\"}]}<\/script>\n<!-- \/ Yoast SEO plugin. -->","yoast_head_json":{"title":"Contacter - EKW Trading","robots":{"index":"index","follow":"follow","max-snippet":"max-snippet:-1","max-image-preview":"max-image-preview:large","max-video-preview":"max-video-preview:-1"},"canonical":"https:\/\/ekwtrading.nl\/fr\/contacter\/","og_locale":"fr_FR","og_type":"article","og_title":"Contacter - EKW Trading","og_description":"Contactez-nous Nous sommes joignables par t\u00e9l\u00e9phone en dehors des heures d&rsquo;ouverture. Si vous souhaitez nous rendre visite en dehors des heures d&rsquo;ouverture, cela est \u00e9galement possible. Nous sommes heureux de prendre rendez-vous pour cela. Avenue Leeuwenhoek 4, 9207 JE Drachten +31 512 356752 +31 6 55 20 40 65 info@ekwtrading.nl Contacter","og_url":"https:\/\/ekwtrading.nl\/fr\/contacter\/","og_site_name":"EKW Trading","article_modified_time":"2021-12-21T12:31:27+00:00","og_image":[{"width":2560,"height":1707,"url":"https:\/\/ekwtrading.nl\/wp-content\/uploads\/2021\/12\/Fotografie_Suus-00337-scaled.jpg","type":"image\/jpeg"}],"twitter_card":"summary_large_image","twitter_misc":{"Dur\u00e9e de lecture estim\u00e9e":"1 minute"},"schema":{"@context":"https:\/\/schema.org","@graph":[{"@type":"WebPage","@id":"https:\/\/ekwtrading.nl\/fr\/contacter\/","url":"https:\/\/ekwtrading.nl\/fr\/contacter\/","name":"Contacter - EKW Trading","isPartOf":{"@id":"https:\/\/ekwtrading.nl\/fr\/#website"},"primaryImageOfPage":{"@id":"https:\/\/ekwtrading.nl\/fr\/contacter\/#primaryimage"},"image":{"@id":"https:\/\/ekwtrading.nl\/fr\/contacter\/#primaryimage"},"thumbnailUrl":"https:\/\/ekwtrading.nl\/wp-content\/uploads\/2021\/12\/Fotografie_Suus-00337-scaled.jpg","datePublished":"2021-12-20T13:23:52+00:00","dateModified":"2021-12-21T12:31:27+00:00","breadcrumb":{"@id":"https:\/\/ekwtrading.nl\/fr\/contacter\/#breadcrumb"},"inLanguage":"fr-FR","potentialAction":[{"@type":"ReadAction","target":["https:\/\/ekwtrading.nl\/fr\/contacter\/"]}]},{"@type":"ImageObject","inLanguage":"fr-FR","@id":"https:\/\/ekwtrading.nl\/fr\/contacter\/#primaryimage","url":"https:\/\/ekwtrading.nl\/wp-content\/uploads\/2021\/12\/Fotografie_Suus-00337-scaled.jpg","contentUrl":"https:\/\/ekwtrading.nl\/wp-content\/uploads\/2021\/12\/Fotografie_Suus-00337-scaled.jpg","width":2560,"height":1707},{"@type":"BreadcrumbList","@id":"https:\/\/ekwtrading.nl\/fr\/contacter\/#breadcrumb","itemListElement":[{"@type":"ListItem","position":1,"name":"Home","item":"https:\/\/ekwtrading.nl\/fr\/"},{"@type":"ListItem","position":2,"name":"Contacter"}]},{"@type":"WebSite","@id":"https:\/\/ekwtrading.nl\/fr\/#website","url":"https:\/\/ekwtrading.nl\/fr\/","name":"EKW Trading","description":"Gebruikte vrachtwagens en opleggers ","potentialAction":[{"@type":"SearchAction","target":{"@type":"EntryPoint","urlTemplate":"https:\/\/ekwtrading.nl\/fr\/?s={search_term_string}"},"query-input":{"@type":"PropertyValueSpecification","valueRequired":true,"valueName":"search_term_string"}}],"inLanguage":"fr-FR"}]}},"_links":{"self":[{"href":"https:\/\/ekwtrading.nl\/fr\/wp-json\/wp\/v2\/pages\/2883","targetHints":{"allow":["GET"]}}],"collection":[{"href":"https:\/\/ekwtrading.nl\/fr\/wp-json\/wp\/v2\/pages"}],"about":[{"href":"https:\/\/ekwtrading.nl\/fr\/wp-json\/wp\/v2\/types\/page"}],"author":[{"embeddable":true,"href":"https:\/\/ekwtrading.nl\/fr\/wp-json\/wp\/v2\/users\/1"}],"replies":[{"embeddable":true,"href":"https:\/\/ekwtrading.nl\/fr\/wp-json\/wp\/v2\/comments?post=2883"}],"version-history":[{"count":0,"href":"https:\/\/ekwtrading.nl\/fr\/wp-json\/wp\/v2\/pages\/2883\/revisions"}],"wp:featuredmedia":[{"embeddable":true,"href":"https:\/\/ekwtrading.nl\/fr\/wp-json\/wp\/v2\/media\/2137"}],"wp:attachment":[{"href":"https:\/\/ekwtrading.nl\/fr\/wp-json\/wp\/v2\/media?parent=2883"}],"curies":[{"name":"wp","href":"https:\/\/api.w.org\/{rel}","templated":true}]}}