{"id":2876,"date":"2021-12-20T13:21:20","date_gmt":"2021-12-20T13:21:20","guid":{"rendered":"https:\/\/ekwtrading.templ8.nl\/termes-et-conditions\/"},"modified":"2021-12-20T13:21:20","modified_gmt":"2021-12-20T13:21:20","slug":"termes-et-conditions","status":"publish","type":"page","link":"https:\/\/ekwtrading.nl\/fr\/termes-et-conditions\/","title":{"rendered":"Termes et conditions"},"content":{"rendered":"<p>Les conditions g\u00e9n\u00e9rales suivantes s&rsquo;appliquent \u00e0 toutes nos activit\u00e9s :<\/p>\n<p>Transport int\u00e9rieur : <a href=\"\/wp-content\/uploads\/2021\/11\/AVC-condities_-Voorwaarden-binnenlands-transport_EKW-Transport.pdf\" target=\"_blank\" rel=\"noopener\">conditions AVC<\/a><br \/>\nTransport \u00e9tranger : <a href=\"\/wp-content\/uploads\/2021\/11\/CMR-condities_Voorwaarden-buitenlands-transport_EKW-Transport.pdf\" target=\"_blank\" rel=\"noopener\">conditions CMR<\/a><br \/>\nAutres conditions : <a href=\"\/wp-content\/uploads\/2021\/11\/Physical-Distribution-Voorwaarden_overige-voorwaarden_EKW-Transport.pdf\" target=\"_blank\" rel=\"noopener\">Conditions de distribution physique<\/a><\/p>\n","protected":false},"excerpt":{"rendered":"<p>Les conditions g\u00e9n\u00e9rales suivantes s&rsquo;appliquent \u00e0 toutes nos activit\u00e9s : Transport int\u00e9rieur : conditions AVC Transport \u00e9tranger : conditions CMR Autres conditions : Conditions de distribution physique<\/p>\n","protected":false},"author":1,"featured_media":2137,"parent":0,"menu_order":0,"comment_status":"closed","ping_status":"closed","template":"","meta":{"footnotes":""},"class_list":["post-2876","page","type-page","status-publish","has-post-thumbnail","hentry"],"yoast_head":"<!-- This site is optimized with the Yoast SEO plugin v27.4 - https:\/\/yoast.com\/product\/yoast-seo-wordpress\/ -->\n<title>Termes et conditions - EKW Trading<\/title>\n<meta name=\"robots\" content=\"index, follow, max-snippet:-1, max-image-preview:large, max-video-preview:-1\" \/>\n<link rel=\"canonical\" href=\"https:\/\/ekwtrading.nl\/fr\/termes-et-conditions\/\" \/>\n<meta property=\"og:locale\" content=\"fr_FR\" \/>\n<meta property=\"og:type\" content=\"article\" \/>\n<meta property=\"og:title\" content=\"Termes et conditions - EKW Trading\" \/>\n<meta property=\"og:description\" content=\"Les conditions g\u00e9n\u00e9rales suivantes s&rsquo;appliquent \u00e0 toutes nos activit\u00e9s : Transport int\u00e9rieur : conditions AVC Transport \u00e9tranger : conditions CMR Autres conditions : Conditions de distribution physique\" \/>\n<meta property=\"og:url\" content=\"https:\/\/ekwtrading.nl\/fr\/termes-et-conditions\/\" \/>\n<meta property=\"og:site_name\" content=\"EKW Trading\" \/>\n<meta property=\"og:image\" content=\"https:\/\/ekwtrading.nl\/wp-content\/uploads\/2021\/12\/Fotografie_Suus-00337-scaled.jpg\" \/>\n\t<meta property=\"og:image:width\" content=\"2560\" \/>\n\t<meta property=\"og:image:height\" content=\"1707\" \/>\n\t<meta property=\"og:image:type\" content=\"image\/jpeg\" \/>\n<meta name=\"twitter:card\" content=\"summary_large_image\" \/>\n<script type=\"application\/ld+json\" class=\"yoast-schema-graph\">{\"@context\":\"https:\\\/\\\/schema.org\",\"@graph\":[{\"@type\":\"WebPage\",\"@id\":\"https:\\\/\\\/ekwtrading.nl\\\/fr\\\/termes-et-conditions\\\/\",\"url\":\"https:\\\/\\\/ekwtrading.nl\\\/fr\\\/termes-et-conditions\\\/\",\"name\":\"Termes et conditions - EKW Trading\",\"isPartOf\":{\"@id\":\"https:\\\/\\\/ekwtrading.nl\\\/fr\\\/#website\"},\"primaryImageOfPage\":{\"@id\":\"https:\\\/\\\/ekwtrading.nl\\\/fr\\\/termes-et-conditions\\\/#primaryimage\"},\"image\":{\"@id\":\"https:\\\/\\\/ekwtrading.nl\\\/fr\\\/termes-et-conditions\\\/#primaryimage\"},\"thumbnailUrl\":\"https:\\\/\\\/ekwtrading.nl\\\/wp-content\\\/uploads\\\/2021\\\/12\\\/Fotografie_Suus-00337-scaled.jpg\",\"datePublished\":\"2021-12-20T13:21:20+00:00\",\"breadcrumb\":{\"@id\":\"https:\\\/\\\/ekwtrading.nl\\\/fr\\\/termes-et-conditions\\\/#breadcrumb\"},\"inLanguage\":\"fr-FR\",\"potentialAction\":[{\"@type\":\"ReadAction\",\"target\":[\"https:\\\/\\\/ekwtrading.nl\\\/fr\\\/termes-et-conditions\\\/\"]}]},{\"@type\":\"ImageObject\",\"inLanguage\":\"fr-FR\",\"@id\":\"https:\\\/\\\/ekwtrading.nl\\\/fr\\\/termes-et-conditions\\\/#primaryimage\",\"url\":\"https:\\\/\\\/ekwtrading.nl\\\/wp-content\\\/uploads\\\/2021\\\/12\\\/Fotografie_Suus-00337-scaled.jpg\",\"contentUrl\":\"https:\\\/\\\/ekwtrading.nl\\\/wp-content\\\/uploads\\\/2021\\\/12\\\/Fotografie_Suus-00337-scaled.jpg\",\"width\":2560,\"height\":1707},{\"@type\":\"BreadcrumbList\",\"@id\":\"https:\\\/\\\/ekwtrading.nl\\\/fr\\\/termes-et-conditions\\\/#breadcrumb\",\"itemListElement\":[{\"@type\":\"ListItem\",\"position\":1,\"name\":\"Home\",\"item\":\"https:\\\/\\\/ekwtrading.nl\\\/fr\\\/\"},{\"@type\":\"ListItem\",\"position\":2,\"name\":\"Termes et conditions\"}]},{\"@type\":\"WebSite\",\"@id\":\"https:\\\/\\\/ekwtrading.nl\\\/fr\\\/#website\",\"url\":\"https:\\\/\\\/ekwtrading.nl\\\/fr\\\/\",\"name\":\"EKW Trading\",\"description\":\"Gebruikte vrachtwagens en opleggers \",\"potentialAction\":[{\"@type\":\"SearchAction\",\"target\":{\"@type\":\"EntryPoint\",\"urlTemplate\":\"https:\\\/\\\/ekwtrading.nl\\\/fr\\\/?s={search_term_string}\"},\"query-input\":{\"@type\":\"PropertyValueSpecification\",\"valueRequired\":true,\"valueName\":\"search_term_string\"}}],\"inLanguage\":\"fr-FR\"}]}<\/script>\n<!-- \/ Yoast SEO plugin. -->","yoast_head_json":{"title":"Termes et conditions - EKW Trading","robots":{"index":"index","follow":"follow","max-snippet":"max-snippet:-1","max-image-preview":"max-image-preview:large","max-video-preview":"max-video-preview:-1"},"canonical":"https:\/\/ekwtrading.nl\/fr\/termes-et-conditions\/","og_locale":"fr_FR","og_type":"article","og_title":"Termes et conditions - EKW Trading","og_description":"Les conditions g\u00e9n\u00e9rales suivantes s&rsquo;appliquent \u00e0 toutes nos activit\u00e9s : Transport int\u00e9rieur : conditions AVC Transport \u00e9tranger : conditions CMR Autres conditions : Conditions de distribution physique","og_url":"https:\/\/ekwtrading.nl\/fr\/termes-et-conditions\/","og_site_name":"EKW Trading","og_image":[{"width":2560,"height":1707,"url":"https:\/\/ekwtrading.nl\/wp-content\/uploads\/2021\/12\/Fotografie_Suus-00337-scaled.jpg","type":"image\/jpeg"}],"twitter_card":"summary_large_image","schema":{"@context":"https:\/\/schema.org","@graph":[{"@type":"WebPage","@id":"https:\/\/ekwtrading.nl\/fr\/termes-et-conditions\/","url":"https:\/\/ekwtrading.nl\/fr\/termes-et-conditions\/","name":"Termes et conditions - EKW Trading","isPartOf":{"@id":"https:\/\/ekwtrading.nl\/fr\/#website"},"primaryImageOfPage":{"@id":"https:\/\/ekwtrading.nl\/fr\/termes-et-conditions\/#primaryimage"},"image":{"@id":"https:\/\/ekwtrading.nl\/fr\/termes-et-conditions\/#primaryimage"},"thumbnailUrl":"https:\/\/ekwtrading.nl\/wp-content\/uploads\/2021\/12\/Fotografie_Suus-00337-scaled.jpg","datePublished":"2021-12-20T13:21:20+00:00","breadcrumb":{"@id":"https:\/\/ekwtrading.nl\/fr\/termes-et-conditions\/#breadcrumb"},"inLanguage":"fr-FR","potentialAction":[{"@type":"ReadAction","target":["https:\/\/ekwtrading.nl\/fr\/termes-et-conditions\/"]}]},{"@type":"ImageObject","inLanguage":"fr-FR","@id":"https:\/\/ekwtrading.nl\/fr\/termes-et-conditions\/#primaryimage","url":"https:\/\/ekwtrading.nl\/wp-content\/uploads\/2021\/12\/Fotografie_Suus-00337-scaled.jpg","contentUrl":"https:\/\/ekwtrading.nl\/wp-content\/uploads\/2021\/12\/Fotografie_Suus-00337-scaled.jpg","width":2560,"height":1707},{"@type":"BreadcrumbList","@id":"https:\/\/ekwtrading.nl\/fr\/termes-et-conditions\/#breadcrumb","itemListElement":[{"@type":"ListItem","position":1,"name":"Home","item":"https:\/\/ekwtrading.nl\/fr\/"},{"@type":"ListItem","position":2,"name":"Termes et conditions"}]},{"@type":"WebSite","@id":"https:\/\/ekwtrading.nl\/fr\/#website","url":"https:\/\/ekwtrading.nl\/fr\/","name":"EKW Trading","description":"Gebruikte vrachtwagens en opleggers ","potentialAction":[{"@type":"SearchAction","target":{"@type":"EntryPoint","urlTemplate":"https:\/\/ekwtrading.nl\/fr\/?s={search_term_string}"},"query-input":{"@type":"PropertyValueSpecification","valueRequired":true,"valueName":"search_term_string"}}],"inLanguage":"fr-FR"}]}},"_links":{"self":[{"href":"https:\/\/ekwtrading.nl\/fr\/wp-json\/wp\/v2\/pages\/2876","targetHints":{"allow":["GET"]}}],"collection":[{"href":"https:\/\/ekwtrading.nl\/fr\/wp-json\/wp\/v2\/pages"}],"about":[{"href":"https:\/\/ekwtrading.nl\/fr\/wp-json\/wp\/v2\/types\/page"}],"author":[{"embeddable":true,"href":"https:\/\/ekwtrading.nl\/fr\/wp-json\/wp\/v2\/users\/1"}],"replies":[{"embeddable":true,"href":"https:\/\/ekwtrading.nl\/fr\/wp-json\/wp\/v2\/comments?post=2876"}],"version-history":[{"count":0,"href":"https:\/\/ekwtrading.nl\/fr\/wp-json\/wp\/v2\/pages\/2876\/revisions"}],"wp:featuredmedia":[{"embeddable":true,"href":"https:\/\/ekwtrading.nl\/fr\/wp-json\/wp\/v2\/media\/2137"}],"wp:attachment":[{"href":"https:\/\/ekwtrading.nl\/fr\/wp-json\/wp\/v2\/media?parent=2876"}],"curies":[{"name":"wp","href":"https:\/\/api.w.org\/{rel}","templated":true}]}}